{"id":2081,"date":"2020-10-02T13:09:22","date_gmt":"2020-10-02T11:09:22","guid":{"rendered":"https:\/\/ciociagotuje.pl\/o-cioci\/"},"modified":"2024-05-22T16:06:57","modified_gmt":"2024-05-22T14:06:57","slug":"about-us","status":"publish","type":"page","link":"https:\/\/ciociagotuje.pl\/en\/about-us\/","title":{"rendered":"ABOUT US"},"content":{"rendered":"","protected":false},"excerpt":{"rendered":"","protected":false},"author":1,"featured_media":0,"parent":0,"menu_order":0,"comment_status":"closed","ping_status":"closed","template":"","meta":{"om_disable_all_campaigns":false,"_monsterinsights_skip_tracking":false,"_monsterinsights_sitenote_active":false,"_monsterinsights_sitenote_note":"","_monsterinsights_sitenote_category":0,"_uf_show_specific_survey":0,"_uf_disable_surveys":false,"footnotes":""},"aioseo_notices":[],"yoast_head":"<!-- This site is optimized with the Yoast SEO plugin v24.5 - https:\/\/yoast.com\/wordpress\/plugins\/seo\/ -->\n<title>ABOUT US - Ciocia Gotuje Zam\u00f3wienia Warszawa Pierogi<\/title>\n<meta name=\"description\" content=\"Nasze wyj\u0105tkowe piero\u017cki, niczym prezent\u2026 niespodzianka\u2026, sprawi\u0105 niesamowit\u0105 przyjemno\u015b\u0107 z rozpakowania. Zachwycaj\u0105ce ciasto jest jedynie...\" \/>\n<meta name=\"robots\" content=\"index, follow, max-snippet:-1, max-image-preview:large, max-video-preview:-1\" \/>\n<link rel=\"canonical\" href=\"https:\/\/ciociagotuje.pl\/en\/about-us\/\" \/>\n<meta property=\"og:locale\" content=\"en_US\" \/>\n<meta property=\"og:type\" content=\"article\" \/>\n<meta property=\"og:title\" content=\"ABOUT US - Ciocia Gotuje Zam\u00f3wienia Warszawa Pierogi\" \/>\n<meta property=\"og:description\" content=\"Nasze wyj\u0105tkowe piero\u017cki, niczym prezent\u2026 niespodzianka\u2026, sprawi\u0105 niesamowit\u0105 przyjemno\u015b\u0107 z rozpakowania. Zachwycaj\u0105ce ciasto jest jedynie...\" \/>\n<meta property=\"og:url\" content=\"https:\/\/ciociagotuje.pl\/en\/about-us\/\" \/>\n<meta property=\"og:site_name\" content=\"Ciocia Gotuje\" \/>\n<meta property=\"article:modified_time\" content=\"2024-05-22T14:06:57+00:00\" \/>\n<meta name=\"twitter:card\" content=\"summary_large_image\" \/>\n<script type=\"application\/ld+json\" class=\"yoast-schema-graph\">{\"@context\":\"https:\/\/schema.org\",\"@graph\":[{\"@type\":\"WebPage\",\"@id\":\"https:\/\/ciociagotuje.pl\/en\/about-us\/\",\"url\":\"https:\/\/ciociagotuje.pl\/en\/about-us\/\",\"name\":\"ABOUT US - Ciocia Gotuje Zam\u00f3wienia Warszawa Pierogi\",\"isPartOf\":{\"@id\":\"https:\/\/ciociagotuje.pl\/#website\"},\"datePublished\":\"2020-10-02T11:09:22+00:00\",\"dateModified\":\"2024-05-22T14:06:57+00:00\",\"description\":\"Nasze wyj\u0105tkowe piero\u017cki, niczym prezent\u2026 niespodzianka\u2026, sprawi\u0105 niesamowit\u0105 przyjemno\u015b\u0107 z rozpakowania. Zachwycaj\u0105ce ciasto jest jedynie...\",\"breadcrumb\":{\"@id\":\"https:\/\/ciociagotuje.pl\/en\/about-us\/#breadcrumb\"},\"inLanguage\":\"en-US\",\"potentialAction\":[{\"@type\":\"ReadAction\",\"target\":[\"https:\/\/ciociagotuje.pl\/en\/about-us\/\"]}]},{\"@type\":\"BreadcrumbList\",\"@id\":\"https:\/\/ciociagotuje.pl\/en\/about-us\/#breadcrumb\",\"itemListElement\":[{\"@type\":\"ListItem\",\"position\":1,\"name\":\"Strona g\u0142\u00f3wna\",\"item\":\"https:\/\/ciociagotuje.pl\/en\/\"},{\"@type\":\"ListItem\",\"position\":2,\"name\":\"ABOUT US\"}]},{\"@type\":\"WebSite\",\"@id\":\"https:\/\/ciociagotuje.pl\/#website\",\"url\":\"https:\/\/ciociagotuje.pl\/\",\"name\":\"Ciocia Gotuje\",\"description\":\"Z mi\u0142o\u015bci do gotowania\",\"potentialAction\":[{\"@type\":\"SearchAction\",\"target\":{\"@type\":\"EntryPoint\",\"urlTemplate\":\"https:\/\/ciociagotuje.pl\/?s={search_term_string}\"},\"query-input\":{\"@type\":\"PropertyValueSpecification\",\"valueRequired\":true,\"valueName\":\"search_term_string\"}}],\"inLanguage\":\"en-US\"}]}<\/script>\n<!-- \/ Yoast SEO plugin. -->","yoast_head_json":{"title":"ABOUT US - Ciocia Gotuje Zam\u00f3wienia Warszawa Pierogi","description":"Nasze wyj\u0105tkowe piero\u017cki, niczym prezent\u2026 niespodzianka\u2026, sprawi\u0105 niesamowit\u0105 przyjemno\u015b\u0107 z rozpakowania. Zachwycaj\u0105ce ciasto jest jedynie...","robots":{"index":"index","follow":"follow","max-snippet":"max-snippet:-1","max-image-preview":"max-image-preview:large","max-video-preview":"max-video-preview:-1"},"canonical":"https:\/\/ciociagotuje.pl\/en\/about-us\/","og_locale":"en_US","og_type":"article","og_title":"ABOUT US - Ciocia Gotuje Zam\u00f3wienia Warszawa Pierogi","og_description":"Nasze wyj\u0105tkowe piero\u017cki, niczym prezent\u2026 niespodzianka\u2026, sprawi\u0105 niesamowit\u0105 przyjemno\u015b\u0107 z rozpakowania. Zachwycaj\u0105ce ciasto jest jedynie...","og_url":"https:\/\/ciociagotuje.pl\/en\/about-us\/","og_site_name":"Ciocia Gotuje","article_modified_time":"2024-05-22T14:06:57+00:00","twitter_card":"summary_large_image","schema":{"@context":"https:\/\/schema.org","@graph":[{"@type":"WebPage","@id":"https:\/\/ciociagotuje.pl\/en\/about-us\/","url":"https:\/\/ciociagotuje.pl\/en\/about-us\/","name":"ABOUT US - Ciocia Gotuje Zam\u00f3wienia Warszawa Pierogi","isPartOf":{"@id":"https:\/\/ciociagotuje.pl\/#website"},"datePublished":"2020-10-02T11:09:22+00:00","dateModified":"2024-05-22T14:06:57+00:00","description":"Nasze wyj\u0105tkowe piero\u017cki, niczym prezent\u2026 niespodzianka\u2026, sprawi\u0105 niesamowit\u0105 przyjemno\u015b\u0107 z rozpakowania. Zachwycaj\u0105ce ciasto jest jedynie...","breadcrumb":{"@id":"https:\/\/ciociagotuje.pl\/en\/about-us\/#breadcrumb"},"inLanguage":"en-US","potentialAction":[{"@type":"ReadAction","target":["https:\/\/ciociagotuje.pl\/en\/about-us\/"]}]},{"@type":"BreadcrumbList","@id":"https:\/\/ciociagotuje.pl\/en\/about-us\/#breadcrumb","itemListElement":[{"@type":"ListItem","position":1,"name":"Strona g\u0142\u00f3wna","item":"https:\/\/ciociagotuje.pl\/en\/"},{"@type":"ListItem","position":2,"name":"ABOUT US"}]},{"@type":"WebSite","@id":"https:\/\/ciociagotuje.pl\/#website","url":"https:\/\/ciociagotuje.pl\/","name":"Ciocia Gotuje","description":"Z mi\u0142o\u015bci do gotowania","potentialAction":[{"@type":"SearchAction","target":{"@type":"EntryPoint","urlTemplate":"https:\/\/ciociagotuje.pl\/?s={search_term_string}"},"query-input":{"@type":"PropertyValueSpecification","valueRequired":true,"valueName":"search_term_string"}}],"inLanguage":"en-US"}]}},"_links":{"self":[{"href":"https:\/\/ciociagotuje.pl\/en\/wp-json\/wp\/v2\/pages\/2081"}],"collection":[{"href":"https:\/\/ciociagotuje.pl\/en\/wp-json\/wp\/v2\/pages"}],"about":[{"href":"https:\/\/ciociagotuje.pl\/en\/wp-json\/wp\/v2\/types\/page"}],"author":[{"embeddable":true,"href":"https:\/\/ciociagotuje.pl\/en\/wp-json\/wp\/v2\/users\/1"}],"replies":[{"embeddable":true,"href":"https:\/\/ciociagotuje.pl\/en\/wp-json\/wp\/v2\/comments?post=2081"}],"version-history":[{"count":3,"href":"https:\/\/ciociagotuje.pl\/en\/wp-json\/wp\/v2\/pages\/2081\/revisions"}],"predecessor-version":[{"id":2157,"href":"https:\/\/ciociagotuje.pl\/en\/wp-json\/wp\/v2\/pages\/2081\/revisions\/2157"}],"wp:attachment":[{"href":"https:\/\/ciociagotuje.pl\/en\/wp-json\/wp\/v2\/media?parent=2081"}],"curies":[{"name":"wp","href":"https:\/\/api.w.org\/{rel}","templated":true}]}}