{"id":2162,"date":"2020-08-04T16:31:48","date_gmt":"2020-08-04T14:31:48","guid":{"rendered":"https:\/\/ciociagotuje.pl\/polityka-prywatnosci\/"},"modified":"2024-05-22T14:16:20","modified_gmt":"2024-05-22T12:16:20","slug":"privacy-policy","status":"publish","type":"page","link":"https:\/\/ciociagotuje.pl\/en\/privacy-policy\/","title":{"rendered":"Privacy policy"},"content":{"rendered":"\r\n<h1 class=\"wp-block-heading\">POLITYKA PRYWATNO\u015aCI<\/h1>\r\n<p>W celu realizacji obowi\u0105zku informacyjnego, zgodnie z art. 13 Rozporz\u0105dzenia Parlamentu Europejskiego i Rady (UE) 2016\/679 z dnia 27 kwietnia 2016 r. poni\u017cej przekazujemy \u201eklauzul\u0119 informacyjn\u0105\u201d z pro\u015bb\u0105 o zapoznanie si\u0119 z ni\u0105.<\/p>\r\n<p>&nbsp;<\/p>\r\n<h3>Polityka prywatno\u015bci i przetwarzania danych osobowych<\/h3>\r\n<ol>\r\n<li>Administratorem Twoich danych osobowych jest 1ST TASTE SP. Z O.O., ul. F.M. Lanciego 16 lok. 197, 02-792 Warszawa. Poni\u017cej znajdziesz wszelkie niezb\u0119dne informacje dotycz\u0105ce przetwarzania Twoich danych osobowych w zwi\u0105zku z realizacj\u0105 us\u0142ugi informacyjnej.<\/li>\r\n<li>office@1sttaste.eu<\/li>\r\n<li>Dane osobowe przetwarzane s\u0105 w celu w celu \u015bwiadczenia us\u0142ug informacyjnych<br \/>przez 1ST TASTE SP. Z O.O. oraz w celach marketingowych. Podstaw\u0105 prawn\u0105 jest art. 6 ust. 1 lit a Rozporz\u0105dzenia Parlamentu Europejskiego i Rady (UE) 2016\/679 z dnia 27 kwietnia 2016 r. w sprawie ochrony os\u00f3b fizycznych w zwi\u0105zku z przetwarzaniem danych osobowych i w sprawie swobodnego przep\u0142ywu takich danych oraz uchylenia dyrektywy 95\/46\/WE \u2013 \u201eRODO\u201d).<\/li>\r\n<li>Dane b\u0119d\u0105 przetwarzane w celach marketingowych do momentu wycofania przez Ciebie zgody na takie przetwarzanie. W zakresie us\u0142ug 1ST TASTE SP. Z O.O. Twoje dane b\u0119d\u0105 przetwarzane przez okres, w kt\u00f3rym us\u0142ugi te b\u0119d\u0105 \u015bwiadczone oraz, w uzasadnionych wypadkach, po zako\u0144czeniu ich \u015bwiadczenia, jednak wy\u0142\u0105cznie je\u017celi jest dozwolone lub wymagane w \u015bwietle obowi\u0105zuj\u0105cego prawa np. przetwarzanie w celach statystycznych, rozliczeniowych lub w celu dochodzenia roszcze\u0144. W takim przypadku dane b\u0119d\u0105 przetwarzane jedynie przez okres niezb\u0119dny do realizacji odpowiednich cel\u00f3w.<\/li>\r\n<li>Po zako\u0144czeniu przetwarzania danych osobowych w pierwotnym celu, dane b\u0119d\u0105, w uzasadnionych wypadkach, przetwarzane po zako\u0144czeniu ich \u015bwiadczenia, jednak wy\u0142\u0105cznie je\u017celi jest dozwolone lub wymagane w \u015bwietle obowi\u0105zuj\u0105cego prawa np. przetwarzanie w celach statystycznych, rozliczeniowych lub w celu dochodzenia roszcze\u0144. W takim przypadku dane b\u0119d\u0105 przetwarzane jedynie przez okres niezb\u0119dny do realizacji odpowiednich cel\u00f3w.<\/li>\r\n<li>Podanie danych jest dobrowolne<\/li>\r\n<li>Twoje dane osobowe nie b\u0119d\u0105 przekazywane.<\/li>\r\n<li>Jako administrator Twoich danych, zapewniamy Ci prawo dost\u0119pu do Twoich<br \/>danych, mo\u017cesz je r\u00f3wnie\u017c sprostowa\u0107, \u017c\u0105da\u0107 ich usuni\u0119cia lub ograniczenia ich przetwarzania. Mo\u017cesz tak\u017ce skorzysta\u0107 z uprawnienia do z\u0142o\u017cenia wobec Administratora sprzeciwu wobec przetwarzania Twoich danych oraz prawa do przenoszenia danych do innego administratora danych. W przypadku wyra\u017cenia dobrowolnej zgody, przys\u0142uguje Ci prawo cofni\u0119cia zgody na przetwarzanie danych w dowolnym momencie co nie wp\u0142ywa na zgodno\u015b\u0107 z prawem przetwarzania, kt\u00f3rego dokonano na podstawie zgody przed jej cofni\u0119ciem. Informujemy tak\u017ce, \u017ce przys\u0142uguje Ci prawo wniesienia skargi do organu nadzoruj\u0105cego przestrzeganie przepis\u00f3w ochrony danych osobowych.<\/li>\r\n<li>Na niniejszej witrynie znajduj\u0105 si\u0119 wtyczki spo\u0142eczno\u015bciowe serwisu Facebook: \u201eLubi\u0119 to\u201d, kt\u00f3re s\u0105 powi\u0105zane z serwisem Facebook. Pod naszym artyku\u0142ami umieszczany jest kod odwo\u0142uj\u0105cy si\u0119 do serwisu Facebook. U\u017cywaj\u0105c przycisku \u201eLubi\u0119 to\u201d, u\u017cytkownik loguje si\u0119 do serwisu Facebook, w kt\u00f3rym obowi\u0105zuj\u0105\u00a0zasady ochrony prywatno\u015bci okre\u015blone przez serwis <strong>Facebook;<\/strong> oraz serwisu <strong>Instagram i Linkedin.<\/strong><\/li>\r\n<\/ol>\r\n","protected":false},"excerpt":{"rendered":"<p>POLITYKA PRYWATNO\u015aCI W celu realizacji obowi\u0105zku informacyjnego, zgodnie z art. 13 Rozporz\u0105dzenia Parlamentu Europejskiego i Rady (UE) 2016\/679 z dnia [&hellip;]<\/p>\n","protected":false},"author":1,"featured_media":0,"parent":0,"menu_order":0,"comment_status":"closed","ping_status":"open","template":"","meta":{"om_disable_all_campaigns":false,"_monsterinsights_skip_tracking":false,"_monsterinsights_sitenote_active":false,"_monsterinsights_sitenote_note":"","_monsterinsights_sitenote_category":0,"_uf_show_specific_survey":0,"_uf_disable_surveys":false,"footnotes":""},"aioseo_notices":[],"yoast_head":"<!-- This site is optimized with the Yoast SEO plugin v24.5 - https:\/\/yoast.com\/wordpress\/plugins\/seo\/ -->\n<title>Privacy policy - Ciocia Gotuje<\/title>\n<meta name=\"robots\" content=\"index, follow, max-snippet:-1, max-image-preview:large, max-video-preview:-1\" \/>\n<link rel=\"canonical\" href=\"https:\/\/ciociagotuje.pl\/en\/privacy-policy\/\" \/>\n<meta property=\"og:locale\" content=\"en_US\" \/>\n<meta property=\"og:type\" content=\"article\" \/>\n<meta property=\"og:title\" content=\"Privacy policy - Ciocia Gotuje\" \/>\n<meta property=\"og:description\" content=\"POLITYKA PRYWATNO\u015aCI W celu realizacji obowi\u0105zku informacyjnego, zgodnie z art. 13 Rozporz\u0105dzenia Parlamentu Europejskiego i Rady (UE) 2016\/679 z dnia [&hellip;]\" \/>\n<meta property=\"og:url\" content=\"https:\/\/ciociagotuje.pl\/en\/privacy-policy\/\" \/>\n<meta property=\"og:site_name\" content=\"Ciocia Gotuje\" \/>\n<meta property=\"article:modified_time\" content=\"2024-05-22T12:16:20+00:00\" \/>\n<meta name=\"twitter:card\" content=\"summary_large_image\" \/>\n<meta name=\"twitter:label1\" content=\"Est. reading time\" \/>\n\t<meta name=\"twitter:data1\" content=\"3 minutes\" \/>\n<script type=\"application\/ld+json\" class=\"yoast-schema-graph\">{\"@context\":\"https:\/\/schema.org\",\"@graph\":[{\"@type\":\"WebPage\",\"@id\":\"https:\/\/ciociagotuje.pl\/en\/privacy-policy\/\",\"url\":\"https:\/\/ciociagotuje.pl\/en\/privacy-policy\/\",\"name\":\"Privacy policy - Ciocia Gotuje\",\"isPartOf\":{\"@id\":\"https:\/\/ciociagotuje.pl\/#website\"},\"datePublished\":\"2020-08-04T14:31:48+00:00\",\"dateModified\":\"2024-05-22T12:16:20+00:00\",\"breadcrumb\":{\"@id\":\"https:\/\/ciociagotuje.pl\/en\/privacy-policy\/#breadcrumb\"},\"inLanguage\":\"en-US\",\"potentialAction\":[{\"@type\":\"ReadAction\",\"target\":[\"https:\/\/ciociagotuje.pl\/en\/privacy-policy\/\"]}]},{\"@type\":\"BreadcrumbList\",\"@id\":\"https:\/\/ciociagotuje.pl\/en\/privacy-policy\/#breadcrumb\",\"itemListElement\":[{\"@type\":\"ListItem\",\"position\":1,\"name\":\"Strona g\u0142\u00f3wna\",\"item\":\"https:\/\/ciociagotuje.pl\/en\/\"},{\"@type\":\"ListItem\",\"position\":2,\"name\":\"Privacy policy\"}]},{\"@type\":\"WebSite\",\"@id\":\"https:\/\/ciociagotuje.pl\/#website\",\"url\":\"https:\/\/ciociagotuje.pl\/\",\"name\":\"Ciocia Gotuje\",\"description\":\"Z mi\u0142o\u015bci do gotowania\",\"potentialAction\":[{\"@type\":\"SearchAction\",\"target\":{\"@type\":\"EntryPoint\",\"urlTemplate\":\"https:\/\/ciociagotuje.pl\/?s={search_term_string}\"},\"query-input\":{\"@type\":\"PropertyValueSpecification\",\"valueRequired\":true,\"valueName\":\"search_term_string\"}}],\"inLanguage\":\"en-US\"}]}<\/script>\n<!-- \/ Yoast SEO plugin. -->","yoast_head_json":{"title":"Privacy policy - Ciocia Gotuje","robots":{"index":"index","follow":"follow","max-snippet":"max-snippet:-1","max-image-preview":"max-image-preview:large","max-video-preview":"max-video-preview:-1"},"canonical":"https:\/\/ciociagotuje.pl\/en\/privacy-policy\/","og_locale":"en_US","og_type":"article","og_title":"Privacy policy - Ciocia Gotuje","og_description":"POLITYKA PRYWATNO\u015aCI W celu realizacji obowi\u0105zku informacyjnego, zgodnie z art. 13 Rozporz\u0105dzenia Parlamentu Europejskiego i Rady (UE) 2016\/679 z dnia [&hellip;]","og_url":"https:\/\/ciociagotuje.pl\/en\/privacy-policy\/","og_site_name":"Ciocia Gotuje","article_modified_time":"2024-05-22T12:16:20+00:00","twitter_card":"summary_large_image","twitter_misc":{"Est. reading time":"3 minutes"},"schema":{"@context":"https:\/\/schema.org","@graph":[{"@type":"WebPage","@id":"https:\/\/ciociagotuje.pl\/en\/privacy-policy\/","url":"https:\/\/ciociagotuje.pl\/en\/privacy-policy\/","name":"Privacy policy - Ciocia Gotuje","isPartOf":{"@id":"https:\/\/ciociagotuje.pl\/#website"},"datePublished":"2020-08-04T14:31:48+00:00","dateModified":"2024-05-22T12:16:20+00:00","breadcrumb":{"@id":"https:\/\/ciociagotuje.pl\/en\/privacy-policy\/#breadcrumb"},"inLanguage":"en-US","potentialAction":[{"@type":"ReadAction","target":["https:\/\/ciociagotuje.pl\/en\/privacy-policy\/"]}]},{"@type":"BreadcrumbList","@id":"https:\/\/ciociagotuje.pl\/en\/privacy-policy\/#breadcrumb","itemListElement":[{"@type":"ListItem","position":1,"name":"Strona g\u0142\u00f3wna","item":"https:\/\/ciociagotuje.pl\/en\/"},{"@type":"ListItem","position":2,"name":"Privacy policy"}]},{"@type":"WebSite","@id":"https:\/\/ciociagotuje.pl\/#website","url":"https:\/\/ciociagotuje.pl\/","name":"Ciocia Gotuje","description":"Z mi\u0142o\u015bci do gotowania","potentialAction":[{"@type":"SearchAction","target":{"@type":"EntryPoint","urlTemplate":"https:\/\/ciociagotuje.pl\/?s={search_term_string}"},"query-input":{"@type":"PropertyValueSpecification","valueRequired":true,"valueName":"search_term_string"}}],"inLanguage":"en-US"}]}},"_links":{"self":[{"href":"https:\/\/ciociagotuje.pl\/en\/wp-json\/wp\/v2\/pages\/2162"}],"collection":[{"href":"https:\/\/ciociagotuje.pl\/en\/wp-json\/wp\/v2\/pages"}],"about":[{"href":"https:\/\/ciociagotuje.pl\/en\/wp-json\/wp\/v2\/types\/page"}],"author":[{"embeddable":true,"href":"https:\/\/ciociagotuje.pl\/en\/wp-json\/wp\/v2\/users\/1"}],"replies":[{"embeddable":true,"href":"https:\/\/ciociagotuje.pl\/en\/wp-json\/wp\/v2\/comments?post=2162"}],"version-history":[{"count":1,"href":"https:\/\/ciociagotuje.pl\/en\/wp-json\/wp\/v2\/pages\/2162\/revisions"}],"predecessor-version":[{"id":2163,"href":"https:\/\/ciociagotuje.pl\/en\/wp-json\/wp\/v2\/pages\/2162\/revisions\/2163"}],"wp:attachment":[{"href":"https:\/\/ciociagotuje.pl\/en\/wp-json\/wp\/v2\/media?parent=2162"}],"curies":[{"name":"wp","href":"https:\/\/api.w.org\/{rel}","templated":true}]}}