{"id":2184,"date":"2020-09-09T21:36:53","date_gmt":"2020-09-09T19:36:53","guid":{"rendered":"https:\/\/ciociagotuje.pl\/coming-soon\/"},"modified":"2024-05-22T14:26:02","modified_gmt":"2024-05-22T12:26:02","slug":"coming-soon","status":"publish","type":"page","link":"https:\/\/ciociagotuje.pl\/en\/coming-soon\/","title":{"rendered":"Coming Soon"},"content":{"rendered":"<div class=\"wpb-content-wrapper\"><p>[vc_row row_height_percent=&#8221;100&#8243; override_padding=&#8221;yes&#8221; h_padding=&#8221;2&#8243; top_padding=&#8221;5&#8243; bottom_padding=&#8221;5&#8243; back_image=&#8221;36&#8243; overlay_color=&#8221;color-jevc&#8221; overlay_alpha=&#8221;50&#8243; gutter_size=&#8221;3&#8243; column_width_percent=&#8221;100&#8243; shift_y=&#8221;0&#8243; z_index=&#8221;0&#8243;][vc_column column_width_use_pixel=&#8221;yes&#8221; position_horizontal=&#8221;left&#8221; position_vertical=&#8221;middle&#8221; gutter_size=&#8221;3&#8243; style=&#8221;dark&#8221; overlay_alpha=&#8221;50&#8243; shift_x=&#8221;0&#8243; shift_y=&#8221;0&#8243; z_index=&#8221;0&#8243; medium_width=&#8221;0&#8243; zoom_width=&#8221;0&#8243; zoom_height=&#8221;0&#8243; width=&#8221;1\/1&#8243; column_width_pixel=&#8221;600&#8243;][vc_row_inner row_inner_height_percent=&#8221;0&#8243; overlay_alpha=&#8221;50&#8243; gutter_size=&#8221;3&#8243; shift_y=&#8221;0&#8243;][vc_column_inner column_width_percent=&#8221;100&#8243; gutter_size=&#8221;3&#8243; style=&#8221;dark&#8221; overlay_alpha=&#8221;0&#8243; shift_x=&#8221;0&#8243; shift_y=&#8221;0&#8243; shift_y_down=&#8221;0&#8243; z_index=&#8221;0&#8243; medium_width=&#8221;4&#8243; mobile_width=&#8221;0&#8243; zoom_width=&#8221;0&#8243; zoom_height=&#8221;0&#8243; width=&#8221;1\/1&#8243;][vc_single_image media=&#8221;30&#8243; media_width_use_pixel=&#8221;yes&#8221; media_width_pixel=&#8221;200&#8243;][vc_custom_heading text_size=&#8221;h1&#8243; text_uppercase=&#8221;&#8221;]<em><span class=\"font-213326\">Z mi\u0142o\u015bci do gotowania<\/span><\/em>[\/vc_custom_heading][vc_column_text]Nasze wyj\u0105tkowe piero\u017cki, niczym prezent&#8230; niespodzianka&#8230;, sprawi\u0105 niesamowit\u0105 przyjemno\u015b\u0107 z rozpakowania. Zachwycaj\u0105ce ciasto jest jedynie namiastk\u0105 eksplozji smak\u00f3w, kt\u00f3r\u0105 odkryjesz w ich wn\u0119trzu\u2026<\/p>\n<p>Zapraszamy do wybrania odpowiedniego po\u0142\u0105czenia dla siebie.<br \/>\nOdkryj z nami smak serca!<b><\/b>[\/vc_column_text][vc_button button_color=&#8221;accent&#8221; border_width=&#8221;0&#8243; link=&#8221;url:https%3A%2F%2Fciociagotuje.pl%2Fwp-content%2Fuploads%2F2020%2F09%2Fciociagotuje_PD1.pdf|title:oferta%20piero%C5%BCk%C3%B3w|target:%20_blank|&#8221;]OFERTA PIERO\u017bK\u00d3W[\/vc_button][\/vc_column_inner][\/vc_row_inner][vc_column_text]<strong>KONTAKT<\/strong><br \/>\nmail: <a href=\"mailto:kontakt@ciociagotuje.pl\">kontakt@ciociagotuje.pl<\/a><br \/>\ntel.: <a href=\"tel:+48696717470\">+48 696 71 74 70<\/a> | pracownia smaku<br \/>\ntel.: <a href=\"tel:+48606933344\">+48 606 933 344<\/a> | zam\u00f3wienia<\/p>\n<p><strong>LOKALIZACJA<\/strong><br \/>\nWarszawa[\/vc_column_text][\/vc_column][\/vc_row]<\/p>\n<\/div>","protected":false},"excerpt":{"rendered":"<p>[vc_row row_height_percent=&#8221;100&#8243; override_padding=&#8221;yes&#8221; h_padding=&#8221;2&#8243; top_padding=&#8221;5&#8243; bottom_padding=&#8221;5&#8243; back_image=&#8221;36&#8243; overlay_color=&#8221;color-jevc&#8221; overlay_alpha=&#8221;50&#8243; gutter_size=&#8221;3&#8243; column_width_percent=&#8221;100&#8243; shift_y=&#8221;0&#8243; z_index=&#8221;0&#8243;][vc_column column_width_use_pixel=&#8221;yes&#8221; position_horizontal=&#8221;left&#8221; position_vertical=&#8221;middle&#8221; gutter_size=&#8221;3&#8243; style=&#8221;dark&#8221; overlay_alpha=&#8221;50&#8243; shift_x=&#8221;0&#8243; [&hellip;]<\/p>\n","protected":false},"author":1,"featured_media":0,"parent":0,"menu_order":0,"comment_status":"closed","ping_status":"closed","template":"","meta":{"om_disable_all_campaigns":false,"_monsterinsights_skip_tracking":false,"_monsterinsights_sitenote_active":false,"_monsterinsights_sitenote_note":"","_monsterinsights_sitenote_category":0,"_uf_show_specific_survey":0,"_uf_disable_surveys":false,"footnotes":""},"aioseo_notices":[],"yoast_head":"<!-- This site is optimized with the Yoast SEO plugin v24.5 - https:\/\/yoast.com\/wordpress\/plugins\/seo\/ -->\n<title>Coming Soon - Ciocia Gotuje<\/title>\n<meta name=\"robots\" content=\"index, follow, max-snippet:-1, max-image-preview:large, max-video-preview:-1\" \/>\n<link rel=\"canonical\" href=\"https:\/\/ciociagotuje.pl\/en\/coming-soon\/\" \/>\n<meta property=\"og:locale\" content=\"en_US\" \/>\n<meta property=\"og:type\" content=\"article\" \/>\n<meta property=\"og:title\" content=\"Coming Soon - Ciocia Gotuje\" \/>\n<meta property=\"og:description\" content=\"[vc_row row_height_percent=&#8221;100&#8243; override_padding=&#8221;yes&#8221; h_padding=&#8221;2&#8243; top_padding=&#8221;5&#8243; bottom_padding=&#8221;5&#8243; back_image=&#8221;36&#8243; overlay_color=&#8221;color-jevc&#8221; overlay_alpha=&#8221;50&#8243; gutter_size=&#8221;3&#8243; column_width_percent=&#8221;100&#8243; shift_y=&#8221;0&#8243; z_index=&#8221;0&#8243;][vc_column column_width_use_pixel=&#8221;yes&#8221; position_horizontal=&#8221;left&#8221; position_vertical=&#8221;middle&#8221; gutter_size=&#8221;3&#8243; style=&#8221;dark&#8221; overlay_alpha=&#8221;50&#8243; shift_x=&#8221;0&#8243; [&hellip;]\" \/>\n<meta property=\"og:url\" content=\"https:\/\/ciociagotuje.pl\/en\/coming-soon\/\" \/>\n<meta property=\"og:site_name\" content=\"Ciocia Gotuje\" \/>\n<meta property=\"article:modified_time\" content=\"2024-05-22T12:26:02+00:00\" \/>\n<meta name=\"twitter:card\" content=\"summary_large_image\" \/>\n<meta name=\"twitter:label1\" content=\"Est. reading time\" \/>\n\t<meta name=\"twitter:data1\" content=\"1 minute\" \/>\n<script type=\"application\/ld+json\" class=\"yoast-schema-graph\">{\"@context\":\"https:\/\/schema.org\",\"@graph\":[{\"@type\":\"WebPage\",\"@id\":\"https:\/\/ciociagotuje.pl\/en\/coming-soon\/\",\"url\":\"https:\/\/ciociagotuje.pl\/en\/coming-soon\/\",\"name\":\"Coming Soon - Ciocia Gotuje\",\"isPartOf\":{\"@id\":\"https:\/\/ciociagotuje.pl\/#website\"},\"datePublished\":\"2020-09-09T19:36:53+00:00\",\"dateModified\":\"2024-05-22T12:26:02+00:00\",\"breadcrumb\":{\"@id\":\"https:\/\/ciociagotuje.pl\/en\/coming-soon\/#breadcrumb\"},\"inLanguage\":\"en-US\",\"potentialAction\":[{\"@type\":\"ReadAction\",\"target\":[\"https:\/\/ciociagotuje.pl\/en\/coming-soon\/\"]}]},{\"@type\":\"BreadcrumbList\",\"@id\":\"https:\/\/ciociagotuje.pl\/en\/coming-soon\/#breadcrumb\",\"itemListElement\":[{\"@type\":\"ListItem\",\"position\":1,\"name\":\"Strona g\u0142\u00f3wna\",\"item\":\"https:\/\/ciociagotuje.pl\/en\/\"},{\"@type\":\"ListItem\",\"position\":2,\"name\":\"Coming Soon\"}]},{\"@type\":\"WebSite\",\"@id\":\"https:\/\/ciociagotuje.pl\/#website\",\"url\":\"https:\/\/ciociagotuje.pl\/\",\"name\":\"Ciocia Gotuje\",\"description\":\"Z mi\u0142o\u015bci do gotowania\",\"potentialAction\":[{\"@type\":\"SearchAction\",\"target\":{\"@type\":\"EntryPoint\",\"urlTemplate\":\"https:\/\/ciociagotuje.pl\/?s={search_term_string}\"},\"query-input\":{\"@type\":\"PropertyValueSpecification\",\"valueRequired\":true,\"valueName\":\"search_term_string\"}}],\"inLanguage\":\"en-US\"}]}<\/script>\n<!-- \/ Yoast SEO plugin. -->","yoast_head_json":{"title":"Coming Soon - Ciocia Gotuje","robots":{"index":"index","follow":"follow","max-snippet":"max-snippet:-1","max-image-preview":"max-image-preview:large","max-video-preview":"max-video-preview:-1"},"canonical":"https:\/\/ciociagotuje.pl\/en\/coming-soon\/","og_locale":"en_US","og_type":"article","og_title":"Coming Soon - Ciocia Gotuje","og_description":"[vc_row row_height_percent=&#8221;100&#8243; override_padding=&#8221;yes&#8221; h_padding=&#8221;2&#8243; top_padding=&#8221;5&#8243; bottom_padding=&#8221;5&#8243; back_image=&#8221;36&#8243; overlay_color=&#8221;color-jevc&#8221; overlay_alpha=&#8221;50&#8243; gutter_size=&#8221;3&#8243; column_width_percent=&#8221;100&#8243; shift_y=&#8221;0&#8243; z_index=&#8221;0&#8243;][vc_column column_width_use_pixel=&#8221;yes&#8221; position_horizontal=&#8221;left&#8221; position_vertical=&#8221;middle&#8221; gutter_size=&#8221;3&#8243; style=&#8221;dark&#8221; overlay_alpha=&#8221;50&#8243; shift_x=&#8221;0&#8243; [&hellip;]","og_url":"https:\/\/ciociagotuje.pl\/en\/coming-soon\/","og_site_name":"Ciocia Gotuje","article_modified_time":"2024-05-22T12:26:02+00:00","twitter_card":"summary_large_image","twitter_misc":{"Est. reading time":"1 minute"},"schema":{"@context":"https:\/\/schema.org","@graph":[{"@type":"WebPage","@id":"https:\/\/ciociagotuje.pl\/en\/coming-soon\/","url":"https:\/\/ciociagotuje.pl\/en\/coming-soon\/","name":"Coming Soon - Ciocia Gotuje","isPartOf":{"@id":"https:\/\/ciociagotuje.pl\/#website"},"datePublished":"2020-09-09T19:36:53+00:00","dateModified":"2024-05-22T12:26:02+00:00","breadcrumb":{"@id":"https:\/\/ciociagotuje.pl\/en\/coming-soon\/#breadcrumb"},"inLanguage":"en-US","potentialAction":[{"@type":"ReadAction","target":["https:\/\/ciociagotuje.pl\/en\/coming-soon\/"]}]},{"@type":"BreadcrumbList","@id":"https:\/\/ciociagotuje.pl\/en\/coming-soon\/#breadcrumb","itemListElement":[{"@type":"ListItem","position":1,"name":"Strona g\u0142\u00f3wna","item":"https:\/\/ciociagotuje.pl\/en\/"},{"@type":"ListItem","position":2,"name":"Coming Soon"}]},{"@type":"WebSite","@id":"https:\/\/ciociagotuje.pl\/#website","url":"https:\/\/ciociagotuje.pl\/","name":"Ciocia Gotuje","description":"Z mi\u0142o\u015bci do gotowania","potentialAction":[{"@type":"SearchAction","target":{"@type":"EntryPoint","urlTemplate":"https:\/\/ciociagotuje.pl\/?s={search_term_string}"},"query-input":{"@type":"PropertyValueSpecification","valueRequired":true,"valueName":"search_term_string"}}],"inLanguage":"en-US"}]}},"_links":{"self":[{"href":"https:\/\/ciociagotuje.pl\/en\/wp-json\/wp\/v2\/pages\/2184"}],"collection":[{"href":"https:\/\/ciociagotuje.pl\/en\/wp-json\/wp\/v2\/pages"}],"about":[{"href":"https:\/\/ciociagotuje.pl\/en\/wp-json\/wp\/v2\/types\/page"}],"author":[{"embeddable":true,"href":"https:\/\/ciociagotuje.pl\/en\/wp-json\/wp\/v2\/users\/1"}],"replies":[{"embeddable":true,"href":"https:\/\/ciociagotuje.pl\/en\/wp-json\/wp\/v2\/comments?post=2184"}],"version-history":[{"count":2,"href":"https:\/\/ciociagotuje.pl\/en\/wp-json\/wp\/v2\/pages\/2184\/revisions"}],"predecessor-version":[{"id":2186,"href":"https:\/\/ciociagotuje.pl\/en\/wp-json\/wp\/v2\/pages\/2184\/revisions\/2186"}],"wp:attachment":[{"href":"https:\/\/ciociagotuje.pl\/en\/wp-json\/wp\/v2\/media?parent=2184"}],"curies":[{"name":"wp","href":"https:\/\/api.w.org\/{rel}","templated":true}]}}