{"id":2188,"date":"2021-10-05T10:59:31","date_gmt":"2021-10-05T08:59:31","guid":{"rendered":"https:\/\/ciociagotuje.pl\/galeria\/"},"modified":"2024-05-22T14:31:01","modified_gmt":"2024-05-22T12:31:01","slug":"gallery","status":"publish","type":"page","link":"https:\/\/ciociagotuje.pl\/en\/gallery\/","title":{"rendered":"Gallery"},"content":{"rendered":"","protected":false},"excerpt":{"rendered":"","protected":false},"author":1,"featured_media":1607,"parent":0,"menu_order":0,"comment_status":"closed","ping_status":"closed","template":"","meta":{"om_disable_all_campaigns":false,"_monsterinsights_skip_tracking":false,"_monsterinsights_sitenote_active":false,"_monsterinsights_sitenote_note":"","_monsterinsights_sitenote_category":0,"_uf_show_specific_survey":0,"_uf_disable_surveys":false,"footnotes":""},"aioseo_notices":[],"yoast_head":"<!-- This site is optimized with the Yoast SEO plugin v24.5 - https:\/\/yoast.com\/wordpress\/plugins\/seo\/ -->\n<title>Gallery - Ciocia Gotuje Zam\u00f3wienia Warszawa Pierogi<\/title>\n<meta name=\"description\" content=\"Kochani fani piero\u017ck\u00f3w, specjalnie dla Was \u2013 wielbicieli dobrego smaku \u2013 stworzy\u0142am wyj\u0105tkowe piero\u017cki, kt\u00f3re niczym prezent sprawi\u0105...\" \/>\n<meta name=\"robots\" content=\"index, follow, max-snippet:-1, max-image-preview:large, max-video-preview:-1\" \/>\n<link rel=\"canonical\" href=\"https:\/\/ciociagotuje.pl\/en\/gallery\/\" \/>\n<meta property=\"og:locale\" content=\"en_US\" \/>\n<meta property=\"og:type\" content=\"article\" \/>\n<meta property=\"og:title\" content=\"Gallery - Ciocia Gotuje Zam\u00f3wienia Warszawa Pierogi\" \/>\n<meta property=\"og:description\" content=\"Kochani fani piero\u017ck\u00f3w, specjalnie dla Was \u2013 wielbicieli dobrego smaku \u2013 stworzy\u0142am wyj\u0105tkowe piero\u017cki, kt\u00f3re niczym prezent sprawi\u0105...\" \/>\n<meta property=\"og:url\" content=\"https:\/\/ciociagotuje.pl\/en\/gallery\/\" \/>\n<meta property=\"og:site_name\" content=\"Ciocia Gotuje\" \/>\n<meta property=\"article:modified_time\" content=\"2024-05-22T12:31:01+00:00\" \/>\n<meta property=\"og:image\" content=\"https:\/\/ciociagotuje.pl\/wp-content\/uploads\/2020\/09\/ciocia_gotuje_7.jpg\" \/>\n\t<meta property=\"og:image:width\" content=\"1920\" \/>\n\t<meta property=\"og:image:height\" content=\"1280\" \/>\n\t<meta property=\"og:image:type\" content=\"image\/jpeg\" \/>\n<meta name=\"twitter:card\" content=\"summary_large_image\" \/>\n<meta name=\"twitter:label1\" content=\"Est. reading time\" \/>\n\t<meta name=\"twitter:data1\" content=\"1 minute\" \/>\n<script type=\"application\/ld+json\" class=\"yoast-schema-graph\">{\"@context\":\"https:\/\/schema.org\",\"@graph\":[{\"@type\":\"WebPage\",\"@id\":\"https:\/\/ciociagotuje.pl\/en\/gallery\/\",\"url\":\"https:\/\/ciociagotuje.pl\/en\/gallery\/\",\"name\":\"Gallery - Ciocia Gotuje Zam\u00f3wienia Warszawa Pierogi\",\"isPartOf\":{\"@id\":\"https:\/\/ciociagotuje.pl\/#website\"},\"primaryImageOfPage\":{\"@id\":\"https:\/\/ciociagotuje.pl\/en\/gallery\/#primaryimage\"},\"image\":{\"@id\":\"https:\/\/ciociagotuje.pl\/en\/gallery\/#primaryimage\"},\"thumbnailUrl\":\"https:\/\/ciociagotuje.pl\/wp-content\/uploads\/2020\/09\/ciocia_gotuje_7.jpg\",\"datePublished\":\"2021-10-05T08:59:31+00:00\",\"dateModified\":\"2024-05-22T12:31:01+00:00\",\"description\":\"Kochani fani piero\u017ck\u00f3w, specjalnie dla Was \u2013 wielbicieli dobrego smaku \u2013 stworzy\u0142am wyj\u0105tkowe piero\u017cki, kt\u00f3re niczym prezent sprawi\u0105...\",\"breadcrumb\":{\"@id\":\"https:\/\/ciociagotuje.pl\/en\/gallery\/#breadcrumb\"},\"inLanguage\":\"en-US\",\"potentialAction\":[{\"@type\":\"ReadAction\",\"target\":[\"https:\/\/ciociagotuje.pl\/en\/gallery\/\"]}]},{\"@type\":\"ImageObject\",\"inLanguage\":\"en-US\",\"@id\":\"https:\/\/ciociagotuje.pl\/en\/gallery\/#primaryimage\",\"url\":\"https:\/\/ciociagotuje.pl\/wp-content\/uploads\/2020\/09\/ciocia_gotuje_7.jpg\",\"contentUrl\":\"https:\/\/ciociagotuje.pl\/wp-content\/uploads\/2020\/09\/ciocia_gotuje_7.jpg\",\"width\":1920,\"height\":1280,\"caption\":\"Galeria - ciocia gotuje.pl\"},{\"@type\":\"BreadcrumbList\",\"@id\":\"https:\/\/ciociagotuje.pl\/en\/gallery\/#breadcrumb\",\"itemListElement\":[{\"@type\":\"ListItem\",\"position\":1,\"name\":\"Strona g\u0142\u00f3wna\",\"item\":\"https:\/\/ciociagotuje.pl\/en\/\"},{\"@type\":\"ListItem\",\"position\":2,\"name\":\"Gallery\"}]},{\"@type\":\"WebSite\",\"@id\":\"https:\/\/ciociagotuje.pl\/#website\",\"url\":\"https:\/\/ciociagotuje.pl\/\",\"name\":\"Ciocia Gotuje\",\"description\":\"Z mi\u0142o\u015bci do gotowania\",\"potentialAction\":[{\"@type\":\"SearchAction\",\"target\":{\"@type\":\"EntryPoint\",\"urlTemplate\":\"https:\/\/ciociagotuje.pl\/?s={search_term_string}\"},\"query-input\":{\"@type\":\"PropertyValueSpecification\",\"valueRequired\":true,\"valueName\":\"search_term_string\"}}],\"inLanguage\":\"en-US\"}]}<\/script>\n<!-- \/ Yoast SEO plugin. -->","yoast_head_json":{"title":"Gallery - Ciocia Gotuje Zam\u00f3wienia Warszawa Pierogi","description":"Kochani fani piero\u017ck\u00f3w, specjalnie dla Was \u2013 wielbicieli dobrego smaku \u2013 stworzy\u0142am wyj\u0105tkowe piero\u017cki, kt\u00f3re niczym prezent sprawi\u0105...","robots":{"index":"index","follow":"follow","max-snippet":"max-snippet:-1","max-image-preview":"max-image-preview:large","max-video-preview":"max-video-preview:-1"},"canonical":"https:\/\/ciociagotuje.pl\/en\/gallery\/","og_locale":"en_US","og_type":"article","og_title":"Gallery - Ciocia Gotuje Zam\u00f3wienia Warszawa Pierogi","og_description":"Kochani fani piero\u017ck\u00f3w, specjalnie dla Was \u2013 wielbicieli dobrego smaku \u2013 stworzy\u0142am wyj\u0105tkowe piero\u017cki, kt\u00f3re niczym prezent sprawi\u0105...","og_url":"https:\/\/ciociagotuje.pl\/en\/gallery\/","og_site_name":"Ciocia Gotuje","article_modified_time":"2024-05-22T12:31:01+00:00","og_image":[{"width":1920,"height":1280,"url":"https:\/\/ciociagotuje.pl\/wp-content\/uploads\/2020\/09\/ciocia_gotuje_7.jpg","type":"image\/jpeg"}],"twitter_card":"summary_large_image","twitter_misc":{"Est. reading time":"1 minute"},"schema":{"@context":"https:\/\/schema.org","@graph":[{"@type":"WebPage","@id":"https:\/\/ciociagotuje.pl\/en\/gallery\/","url":"https:\/\/ciociagotuje.pl\/en\/gallery\/","name":"Gallery - Ciocia Gotuje Zam\u00f3wienia Warszawa Pierogi","isPartOf":{"@id":"https:\/\/ciociagotuje.pl\/#website"},"primaryImageOfPage":{"@id":"https:\/\/ciociagotuje.pl\/en\/gallery\/#primaryimage"},"image":{"@id":"https:\/\/ciociagotuje.pl\/en\/gallery\/#primaryimage"},"thumbnailUrl":"https:\/\/ciociagotuje.pl\/wp-content\/uploads\/2020\/09\/ciocia_gotuje_7.jpg","datePublished":"2021-10-05T08:59:31+00:00","dateModified":"2024-05-22T12:31:01+00:00","description":"Kochani fani piero\u017ck\u00f3w, specjalnie dla Was \u2013 wielbicieli dobrego smaku \u2013 stworzy\u0142am wyj\u0105tkowe piero\u017cki, kt\u00f3re niczym prezent sprawi\u0105...","breadcrumb":{"@id":"https:\/\/ciociagotuje.pl\/en\/gallery\/#breadcrumb"},"inLanguage":"en-US","potentialAction":[{"@type":"ReadAction","target":["https:\/\/ciociagotuje.pl\/en\/gallery\/"]}]},{"@type":"ImageObject","inLanguage":"en-US","@id":"https:\/\/ciociagotuje.pl\/en\/gallery\/#primaryimage","url":"https:\/\/ciociagotuje.pl\/wp-content\/uploads\/2020\/09\/ciocia_gotuje_7.jpg","contentUrl":"https:\/\/ciociagotuje.pl\/wp-content\/uploads\/2020\/09\/ciocia_gotuje_7.jpg","width":1920,"height":1280,"caption":"Galeria - ciocia gotuje.pl"},{"@type":"BreadcrumbList","@id":"https:\/\/ciociagotuje.pl\/en\/gallery\/#breadcrumb","itemListElement":[{"@type":"ListItem","position":1,"name":"Strona g\u0142\u00f3wna","item":"https:\/\/ciociagotuje.pl\/en\/"},{"@type":"ListItem","position":2,"name":"Gallery"}]},{"@type":"WebSite","@id":"https:\/\/ciociagotuje.pl\/#website","url":"https:\/\/ciociagotuje.pl\/","name":"Ciocia Gotuje","description":"Z mi\u0142o\u015bci do gotowania","potentialAction":[{"@type":"SearchAction","target":{"@type":"EntryPoint","urlTemplate":"https:\/\/ciociagotuje.pl\/?s={search_term_string}"},"query-input":{"@type":"PropertyValueSpecification","valueRequired":true,"valueName":"search_term_string"}}],"inLanguage":"en-US"}]}},"_links":{"self":[{"href":"https:\/\/ciociagotuje.pl\/en\/wp-json\/wp\/v2\/pages\/2188"}],"collection":[{"href":"https:\/\/ciociagotuje.pl\/en\/wp-json\/wp\/v2\/pages"}],"about":[{"href":"https:\/\/ciociagotuje.pl\/en\/wp-json\/wp\/v2\/types\/page"}],"author":[{"embeddable":true,"href":"https:\/\/ciociagotuje.pl\/en\/wp-json\/wp\/v2\/users\/1"}],"replies":[{"embeddable":true,"href":"https:\/\/ciociagotuje.pl\/en\/wp-json\/wp\/v2\/comments?post=2188"}],"version-history":[{"count":2,"href":"https:\/\/ciociagotuje.pl\/en\/wp-json\/wp\/v2\/pages\/2188\/revisions"}],"predecessor-version":[{"id":2190,"href":"https:\/\/ciociagotuje.pl\/en\/wp-json\/wp\/v2\/pages\/2188\/revisions\/2190"}],"wp:featuredmedia":[{"embeddable":true,"href":"https:\/\/ciociagotuje.pl\/en\/wp-json\/wp\/v2\/media\/1607"}],"wp:attachment":[{"href":"https:\/\/ciociagotuje.pl\/en\/wp-json\/wp\/v2\/media?parent=2188"}],"curies":[{"name":"wp","href":"https:\/\/api.w.org\/{rel}","templated":true}]}}