{"id":2317,"date":"2024-06-04T18:30:00","date_gmt":"2024-06-04T16:30:00","guid":{"rendered":"https:\/\/ciociagotuje.pl\/?page_id=2317"},"modified":"2024-06-04T18:30:00","modified_gmt":"2024-06-04T16:30:00","slug":"blog","status":"publish","type":"page","link":"https:\/\/ciociagotuje.pl\/en\/blog\/","title":{"rendered":"Blog"},"content":{"rendered":"","protected":false},"excerpt":{"rendered":"","protected":false},"author":2,"featured_media":1932,"parent":0,"menu_order":0,"comment_status":"closed","ping_status":"closed","template":"","meta":{"om_disable_all_campaigns":false,"_monsterinsights_skip_tracking":false,"_monsterinsights_sitenote_active":false,"_monsterinsights_sitenote_note":"","_monsterinsights_sitenote_category":0,"_uf_show_specific_survey":0,"_uf_disable_surveys":false,"footnotes":""},"aioseo_notices":[],"yoast_head":"<!-- This site is optimized with the Yoast SEO plugin v24.5 - https:\/\/yoast.com\/wordpress\/plugins\/seo\/ -->\n<title>Blog - Ciocia Gotuje Zam\u00f3wienia Warszawa Pierogi<\/title>\n<meta name=\"description\" content=\"Nasze wyj\u0105tkowe piero\u017cki, niczym prezent\u2026 niespodzianka\u2026, sprawi\u0105 niesamowit\u0105 przyjemno\u015b\u0107 z rozpakowania. Zachwycaj\u0105ce ciasto jest jedynie...\" \/>\n<meta name=\"robots\" content=\"index, follow, max-snippet:-1, max-image-preview:large, max-video-preview:-1\" \/>\n<link rel=\"canonical\" href=\"https:\/\/ciociagotuje.pl\/en\/blog\/\" \/>\n<meta property=\"og:locale\" content=\"en_US\" \/>\n<meta property=\"og:type\" content=\"article\" \/>\n<meta property=\"og:title\" content=\"Blog - Ciocia Gotuje Zam\u00f3wienia Warszawa Pierogi\" \/>\n<meta property=\"og:description\" content=\"Nasze wyj\u0105tkowe piero\u017cki, niczym prezent\u2026 niespodzianka\u2026, sprawi\u0105 niesamowit\u0105 przyjemno\u015b\u0107 z rozpakowania. Zachwycaj\u0105ce ciasto jest jedynie...\" \/>\n<meta property=\"og:url\" content=\"https:\/\/ciociagotuje.pl\/en\/blog\/\" \/>\n<meta property=\"og:site_name\" content=\"Ciocia Gotuje\" \/>\n<meta property=\"og:image\" content=\"https:\/\/ciociagotuje.pl\/wp-content\/uploads\/2023\/11\/tlo_CiociaGotuje-scaled.jpeg\" \/>\n\t<meta property=\"og:image:width\" content=\"1154\" \/>\n\t<meta property=\"og:image:height\" content=\"2560\" \/>\n\t<meta property=\"og:image:type\" content=\"image\/jpeg\" \/>\n<meta name=\"twitter:card\" content=\"summary_large_image\" \/>\n<meta name=\"twitter:label1\" content=\"Est. reading time\" \/>\n\t<meta name=\"twitter:data1\" content=\"1 minute\" \/>\n<script type=\"application\/ld+json\" class=\"yoast-schema-graph\">{\"@context\":\"https:\/\/schema.org\",\"@graph\":[{\"@type\":\"WebPage\",\"@id\":\"https:\/\/ciociagotuje.pl\/en\/blog\/\",\"url\":\"https:\/\/ciociagotuje.pl\/en\/blog\/\",\"name\":\"Blog - Ciocia Gotuje Zam\u00f3wienia Warszawa Pierogi\",\"isPartOf\":{\"@id\":\"https:\/\/ciociagotuje.pl\/#website\"},\"primaryImageOfPage\":{\"@id\":\"https:\/\/ciociagotuje.pl\/en\/blog\/#primaryimage\"},\"image\":{\"@id\":\"https:\/\/ciociagotuje.pl\/en\/blog\/#primaryimage\"},\"thumbnailUrl\":\"https:\/\/ciociagotuje.pl\/wp-content\/uploads\/2023\/11\/tlo_CiociaGotuje-scaled.jpeg\",\"datePublished\":\"2024-06-04T16:30:00+00:00\",\"description\":\"Nasze wyj\u0105tkowe piero\u017cki, niczym prezent\u2026 niespodzianka\u2026, sprawi\u0105 niesamowit\u0105 przyjemno\u015b\u0107 z rozpakowania. Zachwycaj\u0105ce ciasto jest jedynie...\",\"breadcrumb\":{\"@id\":\"https:\/\/ciociagotuje.pl\/en\/blog\/#breadcrumb\"},\"inLanguage\":\"en-US\",\"potentialAction\":[{\"@type\":\"ReadAction\",\"target\":[\"https:\/\/ciociagotuje.pl\/en\/blog\/\"]}]},{\"@type\":\"ImageObject\",\"inLanguage\":\"en-US\",\"@id\":\"https:\/\/ciociagotuje.pl\/en\/blog\/#primaryimage\",\"url\":\"https:\/\/ciociagotuje.pl\/wp-content\/uploads\/2023\/11\/tlo_CiociaGotuje-scaled.jpeg\",\"contentUrl\":\"https:\/\/ciociagotuje.pl\/wp-content\/uploads\/2023\/11\/tlo_CiociaGotuje-scaled.jpeg\",\"width\":1154,\"height\":2560,\"caption\":\"Ciocia Gotuje BLOG\"},{\"@type\":\"BreadcrumbList\",\"@id\":\"https:\/\/ciociagotuje.pl\/en\/blog\/#breadcrumb\",\"itemListElement\":[{\"@type\":\"ListItem\",\"position\":1,\"name\":\"Strona g\u0142\u00f3wna\",\"item\":\"https:\/\/ciociagotuje.pl\/en\/\"},{\"@type\":\"ListItem\",\"position\":2,\"name\":\"Blog\"}]},{\"@type\":\"WebSite\",\"@id\":\"https:\/\/ciociagotuje.pl\/#website\",\"url\":\"https:\/\/ciociagotuje.pl\/\",\"name\":\"Ciocia Gotuje\",\"description\":\"Z mi\u0142o\u015bci do gotowania\",\"potentialAction\":[{\"@type\":\"SearchAction\",\"target\":{\"@type\":\"EntryPoint\",\"urlTemplate\":\"https:\/\/ciociagotuje.pl\/?s={search_term_string}\"},\"query-input\":{\"@type\":\"PropertyValueSpecification\",\"valueRequired\":true,\"valueName\":\"search_term_string\"}}],\"inLanguage\":\"en-US\"}]}<\/script>\n<!-- \/ Yoast SEO plugin. -->","yoast_head_json":{"title":"Blog - Ciocia Gotuje Zam\u00f3wienia Warszawa Pierogi","description":"Nasze wyj\u0105tkowe piero\u017cki, niczym prezent\u2026 niespodzianka\u2026, sprawi\u0105 niesamowit\u0105 przyjemno\u015b\u0107 z rozpakowania. Zachwycaj\u0105ce ciasto jest jedynie...","robots":{"index":"index","follow":"follow","max-snippet":"max-snippet:-1","max-image-preview":"max-image-preview:large","max-video-preview":"max-video-preview:-1"},"canonical":"https:\/\/ciociagotuje.pl\/en\/blog\/","og_locale":"en_US","og_type":"article","og_title":"Blog - Ciocia Gotuje Zam\u00f3wienia Warszawa Pierogi","og_description":"Nasze wyj\u0105tkowe piero\u017cki, niczym prezent\u2026 niespodzianka\u2026, sprawi\u0105 niesamowit\u0105 przyjemno\u015b\u0107 z rozpakowania. Zachwycaj\u0105ce ciasto jest jedynie...","og_url":"https:\/\/ciociagotuje.pl\/en\/blog\/","og_site_name":"Ciocia Gotuje","og_image":[{"width":1154,"height":2560,"url":"https:\/\/ciociagotuje.pl\/wp-content\/uploads\/2023\/11\/tlo_CiociaGotuje-scaled.jpeg","type":"image\/jpeg"}],"twitter_card":"summary_large_image","twitter_misc":{"Est. reading time":"1 minute"},"schema":{"@context":"https:\/\/schema.org","@graph":[{"@type":"WebPage","@id":"https:\/\/ciociagotuje.pl\/en\/blog\/","url":"https:\/\/ciociagotuje.pl\/en\/blog\/","name":"Blog - Ciocia Gotuje Zam\u00f3wienia Warszawa Pierogi","isPartOf":{"@id":"https:\/\/ciociagotuje.pl\/#website"},"primaryImageOfPage":{"@id":"https:\/\/ciociagotuje.pl\/en\/blog\/#primaryimage"},"image":{"@id":"https:\/\/ciociagotuje.pl\/en\/blog\/#primaryimage"},"thumbnailUrl":"https:\/\/ciociagotuje.pl\/wp-content\/uploads\/2023\/11\/tlo_CiociaGotuje-scaled.jpeg","datePublished":"2024-06-04T16:30:00+00:00","description":"Nasze wyj\u0105tkowe piero\u017cki, niczym prezent\u2026 niespodzianka\u2026, sprawi\u0105 niesamowit\u0105 przyjemno\u015b\u0107 z rozpakowania. Zachwycaj\u0105ce ciasto jest jedynie...","breadcrumb":{"@id":"https:\/\/ciociagotuje.pl\/en\/blog\/#breadcrumb"},"inLanguage":"en-US","potentialAction":[{"@type":"ReadAction","target":["https:\/\/ciociagotuje.pl\/en\/blog\/"]}]},{"@type":"ImageObject","inLanguage":"en-US","@id":"https:\/\/ciociagotuje.pl\/en\/blog\/#primaryimage","url":"https:\/\/ciociagotuje.pl\/wp-content\/uploads\/2023\/11\/tlo_CiociaGotuje-scaled.jpeg","contentUrl":"https:\/\/ciociagotuje.pl\/wp-content\/uploads\/2023\/11\/tlo_CiociaGotuje-scaled.jpeg","width":1154,"height":2560,"caption":"Ciocia Gotuje BLOG"},{"@type":"BreadcrumbList","@id":"https:\/\/ciociagotuje.pl\/en\/blog\/#breadcrumb","itemListElement":[{"@type":"ListItem","position":1,"name":"Strona g\u0142\u00f3wna","item":"https:\/\/ciociagotuje.pl\/en\/"},{"@type":"ListItem","position":2,"name":"Blog"}]},{"@type":"WebSite","@id":"https:\/\/ciociagotuje.pl\/#website","url":"https:\/\/ciociagotuje.pl\/","name":"Ciocia Gotuje","description":"Z mi\u0142o\u015bci do gotowania","potentialAction":[{"@type":"SearchAction","target":{"@type":"EntryPoint","urlTemplate":"https:\/\/ciociagotuje.pl\/?s={search_term_string}"},"query-input":{"@type":"PropertyValueSpecification","valueRequired":true,"valueName":"search_term_string"}}],"inLanguage":"en-US"}]}},"_links":{"self":[{"href":"https:\/\/ciociagotuje.pl\/en\/wp-json\/wp\/v2\/pages\/2317"}],"collection":[{"href":"https:\/\/ciociagotuje.pl\/en\/wp-json\/wp\/v2\/pages"}],"about":[{"href":"https:\/\/ciociagotuje.pl\/en\/wp-json\/wp\/v2\/types\/page"}],"author":[{"embeddable":true,"href":"https:\/\/ciociagotuje.pl\/en\/wp-json\/wp\/v2\/users\/2"}],"replies":[{"embeddable":true,"href":"https:\/\/ciociagotuje.pl\/en\/wp-json\/wp\/v2\/comments?post=2317"}],"version-history":[{"count":1,"href":"https:\/\/ciociagotuje.pl\/en\/wp-json\/wp\/v2\/pages\/2317\/revisions"}],"predecessor-version":[{"id":2319,"href":"https:\/\/ciociagotuje.pl\/en\/wp-json\/wp\/v2\/pages\/2317\/revisions\/2319"}],"wp:featuredmedia":[{"embeddable":true,"href":"https:\/\/ciociagotuje.pl\/en\/wp-json\/wp\/v2\/media\/1932"}],"wp:attachment":[{"href":"https:\/\/ciociagotuje.pl\/en\/wp-json\/wp\/v2\/media?parent=2317"}],"curies":[{"name":"wp","href":"https:\/\/api.w.org\/{rel}","templated":true}]}}