{"id":2957,"date":"2024-09-28T19:32:50","date_gmt":"2024-09-28T17:32:50","guid":{"rendered":"https:\/\/ciociagotuje.pl\/?page_id=2957"},"modified":"2024-09-28T19:32:50","modified_gmt":"2024-09-28T17:32:50","slug":"panrest-2","status":"publish","type":"page","link":"https:\/\/ciociagotuje.pl\/en\/panrest-2\/","title":{"rendered":"Panrest"},"content":{"rendered":"","protected":false},"excerpt":{"rendered":"","protected":false},"author":2,"featured_media":3019,"parent":0,"menu_order":0,"comment_status":"closed","ping_status":"closed","template":"","meta":{"om_disable_all_campaigns":false,"_monsterinsights_skip_tracking":false,"_monsterinsights_sitenote_active":false,"_monsterinsights_sitenote_note":"","_monsterinsights_sitenote_category":0,"_uf_show_specific_survey":0,"_uf_disable_surveys":false,"footnotes":""},"aioseo_notices":[],"yoast_head":"<!-- This site is optimized with the Yoast SEO plugin v24.5 - https:\/\/yoast.com\/wordpress\/plugins\/seo\/ -->\n<title>Pierogi Mokot\u00f3w, pierogarnia Warszawa, dim sum Lublin, pierogi na wynos Mokot\u00f3w, pierogarnia Mokot\u00f3w |Ciocia Gotuje<\/title>\n<meta name=\"robots\" content=\"index, follow, max-snippet:-1, max-image-preview:large, max-video-preview:-1\" \/>\n<link rel=\"canonical\" href=\"https:\/\/ciociagotuje.pl\/express\/\" \/>\n<meta property=\"og:locale\" content=\"en_US\" \/>\n<meta property=\"og:type\" content=\"article\" \/>\n<meta property=\"og:title\" content=\"Pierogi Mokot\u00f3w, pierogarnia Warszawa, dim sum Lublin, pierogi na wynos Mokot\u00f3w, pierogarnia Mokot\u00f3w |Ciocia Gotuje\" \/>\n<meta property=\"og:url\" content=\"https:\/\/ciociagotuje.pl\/express\/\" \/>\n<meta property=\"og:site_name\" content=\"Ciocia Gotuje\" \/>\n<meta property=\"og:image\" content=\"https:\/\/ciociagotuje.pl\/wp-content\/uploads\/2020\/09\/slide-1.jpg\" \/>\n\t<meta property=\"og:image:width\" content=\"1440\" \/>\n\t<meta property=\"og:image:height\" content=\"810\" \/>\n\t<meta property=\"og:image:type\" content=\"image\/jpeg\" \/>\n<meta name=\"twitter:card\" content=\"summary_large_image\" \/>\n<meta name=\"twitter:label1\" content=\"Est. reading time\" \/>\n\t<meta name=\"twitter:data1\" content=\"1 minute\" \/>\n<script type=\"application\/ld+json\" class=\"yoast-schema-graph\">{\"@context\":\"https:\/\/schema.org\",\"@graph\":[{\"@type\":\"WebPage\",\"@id\":\"https:\/\/ciociagotuje.pl\/express\/\",\"url\":\"https:\/\/ciociagotuje.pl\/express\/\",\"name\":\"Pierogi Mokot\u00f3w, pierogarnia Warszawa, dim sum Lublin, pierogi na wynos Mokot\u00f3w, pierogarnia Mokot\u00f3w |Ciocia Gotuje\",\"isPartOf\":{\"@id\":\"https:\/\/ciociagotuje.pl\/#website\"},\"primaryImageOfPage\":{\"@id\":\"https:\/\/ciociagotuje.pl\/express\/#primaryimage\"},\"image\":{\"@id\":\"https:\/\/ciociagotuje.pl\/express\/#primaryimage\"},\"thumbnailUrl\":\"https:\/\/ciociagotuje.pl\/wp-content\/uploads\/2024\/10\/ciocia_gotuje_tlo_120924.jpeg\",\"datePublished\":\"2024-09-28T17:32:50+00:00\",\"breadcrumb\":{\"@id\":\"https:\/\/ciociagotuje.pl\/express\/#breadcrumb\"},\"inLanguage\":\"en-US\",\"potentialAction\":[{\"@type\":\"ReadAction\",\"target\":[\"https:\/\/ciociagotuje.pl\/express\/\"]}]},{\"@type\":\"ImageObject\",\"inLanguage\":\"en-US\",\"@id\":\"https:\/\/ciociagotuje.pl\/express\/#primaryimage\",\"url\":\"https:\/\/ciociagotuje.pl\/wp-content\/uploads\/2024\/10\/ciocia_gotuje_tlo_120924.jpeg\",\"contentUrl\":\"https:\/\/ciociagotuje.pl\/wp-content\/uploads\/2024\/10\/ciocia_gotuje_tlo_120924.jpeg\",\"width\":1280,\"height\":474,\"caption\":\"Punkt Ciocia EXPRESS W Twojej restauracji? Czy to mo\u017cliwe? A\u017b 27 RODZAJ\u00d3W R\u0118CZNIE LEPIONYCH PIEROG\u00d3W Znajd\u017a sw\u00f3j smak!\"},{\"@type\":\"BreadcrumbList\",\"@id\":\"https:\/\/ciociagotuje.pl\/express\/#breadcrumb\",\"itemListElement\":[{\"@type\":\"ListItem\",\"position\":1,\"name\":\"Strona g\u0142\u00f3wna\",\"item\":\"https:\/\/ciociagotuje.pl\/en\/\"},{\"@type\":\"ListItem\",\"position\":2,\"name\":\"Panrest\"}]},{\"@type\":\"WebSite\",\"@id\":\"https:\/\/ciociagotuje.pl\/#website\",\"url\":\"https:\/\/ciociagotuje.pl\/\",\"name\":\"Ciocia Gotuje\",\"description\":\"Z mi\u0142o\u015bci do gotowania\",\"potentialAction\":[{\"@type\":\"SearchAction\",\"target\":{\"@type\":\"EntryPoint\",\"urlTemplate\":\"https:\/\/ciociagotuje.pl\/?s={search_term_string}\"},\"query-input\":{\"@type\":\"PropertyValueSpecification\",\"valueRequired\":true,\"valueName\":\"search_term_string\"}}],\"inLanguage\":\"en-US\"}]}<\/script>\n<!-- \/ Yoast SEO plugin. -->","yoast_head_json":{"title":"Pierogi Mokot\u00f3w, pierogarnia Warszawa, dim sum Lublin, pierogi na wynos Mokot\u00f3w, pierogarnia Mokot\u00f3w |Ciocia Gotuje","robots":{"index":"index","follow":"follow","max-snippet":"max-snippet:-1","max-image-preview":"max-image-preview:large","max-video-preview":"max-video-preview:-1"},"canonical":"https:\/\/ciociagotuje.pl\/express\/","og_locale":"en_US","og_type":"article","og_title":"Pierogi Mokot\u00f3w, pierogarnia Warszawa, dim sum Lublin, pierogi na wynos Mokot\u00f3w, pierogarnia Mokot\u00f3w |Ciocia Gotuje","og_url":"https:\/\/ciociagotuje.pl\/express\/","og_site_name":"Ciocia Gotuje","og_image":[{"width":1440,"height":810,"url":"https:\/\/ciociagotuje.pl\/wp-content\/uploads\/2020\/09\/slide-1.jpg","type":"image\/jpeg"}],"twitter_card":"summary_large_image","twitter_misc":{"Est. reading time":"1 minute"},"schema":{"@context":"https:\/\/schema.org","@graph":[{"@type":"WebPage","@id":"https:\/\/ciociagotuje.pl\/express\/","url":"https:\/\/ciociagotuje.pl\/express\/","name":"Pierogi Mokot\u00f3w, pierogarnia Warszawa, dim sum Lublin, pierogi na wynos Mokot\u00f3w, pierogarnia Mokot\u00f3w |Ciocia Gotuje","isPartOf":{"@id":"https:\/\/ciociagotuje.pl\/#website"},"primaryImageOfPage":{"@id":"https:\/\/ciociagotuje.pl\/express\/#primaryimage"},"image":{"@id":"https:\/\/ciociagotuje.pl\/express\/#primaryimage"},"thumbnailUrl":"https:\/\/ciociagotuje.pl\/wp-content\/uploads\/2024\/10\/ciocia_gotuje_tlo_120924.jpeg","datePublished":"2024-09-28T17:32:50+00:00","breadcrumb":{"@id":"https:\/\/ciociagotuje.pl\/express\/#breadcrumb"},"inLanguage":"en-US","potentialAction":[{"@type":"ReadAction","target":["https:\/\/ciociagotuje.pl\/express\/"]}]},{"@type":"ImageObject","inLanguage":"en-US","@id":"https:\/\/ciociagotuje.pl\/express\/#primaryimage","url":"https:\/\/ciociagotuje.pl\/wp-content\/uploads\/2024\/10\/ciocia_gotuje_tlo_120924.jpeg","contentUrl":"https:\/\/ciociagotuje.pl\/wp-content\/uploads\/2024\/10\/ciocia_gotuje_tlo_120924.jpeg","width":1280,"height":474,"caption":"Punkt Ciocia EXPRESS W Twojej restauracji? Czy to mo\u017cliwe? A\u017b 27 RODZAJ\u00d3W R\u0118CZNIE LEPIONYCH PIEROG\u00d3W Znajd\u017a sw\u00f3j smak!"},{"@type":"BreadcrumbList","@id":"https:\/\/ciociagotuje.pl\/express\/#breadcrumb","itemListElement":[{"@type":"ListItem","position":1,"name":"Strona g\u0142\u00f3wna","item":"https:\/\/ciociagotuje.pl\/en\/"},{"@type":"ListItem","position":2,"name":"Panrest"}]},{"@type":"WebSite","@id":"https:\/\/ciociagotuje.pl\/#website","url":"https:\/\/ciociagotuje.pl\/","name":"Ciocia Gotuje","description":"Z mi\u0142o\u015bci do gotowania","potentialAction":[{"@type":"SearchAction","target":{"@type":"EntryPoint","urlTemplate":"https:\/\/ciociagotuje.pl\/?s={search_term_string}"},"query-input":{"@type":"PropertyValueSpecification","valueRequired":true,"valueName":"search_term_string"}}],"inLanguage":"en-US"}]}},"_links":{"self":[{"href":"https:\/\/ciociagotuje.pl\/en\/wp-json\/wp\/v2\/pages\/2957"}],"collection":[{"href":"https:\/\/ciociagotuje.pl\/en\/wp-json\/wp\/v2\/pages"}],"about":[{"href":"https:\/\/ciociagotuje.pl\/en\/wp-json\/wp\/v2\/types\/page"}],"author":[{"embeddable":true,"href":"https:\/\/ciociagotuje.pl\/en\/wp-json\/wp\/v2\/users\/2"}],"replies":[{"embeddable":true,"href":"https:\/\/ciociagotuje.pl\/en\/wp-json\/wp\/v2\/comments?post=2957"}],"version-history":[{"count":1,"href":"https:\/\/ciociagotuje.pl\/en\/wp-json\/wp\/v2\/pages\/2957\/revisions"}],"predecessor-version":[{"id":3004,"href":"https:\/\/ciociagotuje.pl\/en\/wp-json\/wp\/v2\/pages\/2957\/revisions\/3004"}],"wp:featuredmedia":[{"embeddable":true,"href":"https:\/\/ciociagotuje.pl\/en\/wp-json\/wp\/v2\/media\/3019"}],"wp:attachment":[{"href":"https:\/\/ciociagotuje.pl\/en\/wp-json\/wp\/v2\/media?parent=2957"}],"curies":[{"name":"wp","href":"https:\/\/api.w.org\/{rel}","templated":true}]}}